{"id":1358,"date":"2025-11-05T21:20:43","date_gmt":"2025-11-05T21:20:43","guid":{"rendered":"https:\/\/sperantatm.adventist.ro\/?page_id=1358"},"modified":"2025-12-24T08:36:08","modified_gmt":"2025-12-24T08:36:08","slug":"activitati-cu-copiii","status":"publish","type":"page","link":"https:\/\/sperantatm.adventist.ro\/index.php\/activitati-cu-copiii\/","title":{"rendered":"Activit\u0103\u021bi cu copiii"},"content":{"rendered":"<style>.kadence-column1358_598f65-75 > .kt-inside-inner-col,.kadence-column1358_598f65-75 > .kt-inside-inner-col:before{border-top-left-radius:0px;border-top-right-radius:0px;border-bottom-right-radius:0px;border-bottom-left-radius:0px;}.kadence-column1358_598f65-75 > .kt-inside-inner-col{column-gap:var(--global-kb-gap-sm, 1rem);}.kadence-column1358_598f65-75 > .kt-inside-inner-col{flex-direction:column;}.kadence-column1358_598f65-75 > .kt-inside-inner-col > .aligncenter{width:100%;}.kadence-column1358_598f65-75 > .kt-inside-inner-col:before{opacity:0.3;}.kadence-column1358_598f65-75{position:relative;}@media all and (max-width: 1024px){.kadence-column1358_598f65-75 > .kt-inside-inner-col{flex-direction:column;justify-content:center;}}@media all and (max-width: 767px){.kadence-column1358_598f65-75 > .kt-inside-inner-col{flex-direction:column;justify-content:center;}}<\/style>\n<div class=\"wp-block-kadence-column kadence-column1358_598f65-75\"><div class=\"kt-inside-inner-col\"><style>.wp-block-kadence-advancedheading.kt-adv-heading1358_fea388-86, .wp-block-kadence-advancedheading.kt-adv-heading1358_fea388-86[data-kb-block=\"kb-adv-heading1358_fea388-86\"]{font-size:var(--global-kb-font-size-md, 1.25rem);font-style:normal;}.wp-block-kadence-advancedheading.kt-adv-heading1358_fea388-86 mark.kt-highlight, .wp-block-kadence-advancedheading.kt-adv-heading1358_fea388-86[data-kb-block=\"kb-adv-heading1358_fea388-86\"] mark.kt-highlight{font-style:normal;color:#f76a0c;-webkit-box-decoration-break:clone;box-decoration-break:clone;padding-top:0px;padding-right:0px;padding-bottom:0px;padding-left:0px;}.wp-block-kadence-advancedheading.kt-adv-heading1358_fea388-86 img.kb-inline-image, .wp-block-kadence-advancedheading.kt-adv-heading1358_fea388-86[data-kb-block=\"kb-adv-heading1358_fea388-86\"] img.kb-inline-image{width:150px;vertical-align:baseline;}<\/style>\n<h2 class=\"kt-adv-heading1358_fea388-86 wp-block-kadence-advancedheading\" data-kb-block=\"kb-adv-heading1358_fea388-86\">La biserica noastr\u0103, organiz\u0103m activit\u0103\u021bi pentru copii cu tematic\u0103 biblic\u0103, unde cei mici vor auzi povestiri cum sunt urm\u0103toarele:<br>   &#8211; despre Noe cum a stat cu familia lui \u00een corabie un an p\u00e2n\u0103 c\u00e2nd apele potopului s-au retras<br>   &#8211; despre Moise cum a trecut Marea Ro\u0219ie \u00eempreun\u0103 cu tot poporul Israel<br>   &#8211; despre apostolul Pavel cum a spus tuturor f\u0103r\u0103 fric\u0103 despre Dumnezeu<br>   &#8211; despre Isus cum a vindecat pe orbi, pe oameni bolnavi de lepr\u0103, pe invalizi<br>   &#8211; despre Daniel cum a fost aruncat \u00een groapa cu lei \u0219i nu i s-a \u00eent\u00e2mplat nici un r\u0103u<br>Iar pe l\u00e2ng\u0103 povestiri, vor face activit\u0103\u021bi practice legate de povestirea din acea zi:<br>\ud83c\udfa8 vor colora scene din pove\u0219tile biblice<br>\ud83c\udfa8 vor desena, vor decupa, vor face puzzle-uri si rebusuri<br>\ud83c\udfad folosindu-se figurine, personajele biblice vor fi aduse la via\u021b\u0103<br>\ud83e\udd1d se vor bucura de timp petrecut \u00eempreun\u0103, \u00eentr-un mediu prietenos \u0219i sigur.<br><br>\ud83e\uddd2 Copiii vor fi \u00eemp\u0103r\u021bi\u021bi pe categorii de v\u00e2rst\u0103 astfel \u00eenc\u00e2t fiecare copil s\u0103 poat\u0103 face activit\u0103\u021bi specifice v\u00e2rstei lui.<br>\ud83d\udc68\u200d\ud83d\udc69\u200d\ud83d\udc67 Po\u021bi s\u0103 stai \u0219i tu cu copilul la activit\u0103\u021bi.<br><br>\ud83d\udcc5C\u00e2nd? \u00cen fiecare s\u00e2mb\u0103t\u0103.<br>     La ce or\u0103? Grupa de copii mici p\u00e2n\u0103 la 7 ani &#8211; ora 10:00 &#8211; 10:50<br>                       Grupa de copii \u00eentre 7-14 ani &#8211; ora 9:45 &#8211; 10:50<br>\ud83d\udcb0C\u00e2t cost\u0103? Totul e gratuit!<br>\u2753De ce facem asta? Scopul nostru este ca fiecare copil s\u0103-L cunoasc\u0103 mai bine pe Dumnezeu, s\u0103 \u00eenve\u021be valori frumoase \u0219i s\u0103 se simt\u0103 iubit. \ud83d\udc9b<br>Dac\u0103 dore\u0219ti ca \u0219i copilul t\u0103u s\u0103 participe la astfel de activit\u0103\u021bi, completeaz\u0103 formularul de mai jos \u0219i te vom contacta pentru detalii sau dac\u0103 ai mai multe \u00eentreb\u0103ri.<br><\/h2>\n\n\n\n<figure class=\"wp-block-video\"><video height=\"832\" style=\"aspect-ratio: 464 \/ 832;\" width=\"464\" controls poster=\"https:\/\/sperantatm.adventist.ro\/wp-content\/uploads\/2025\/11\/Untitled.png\" src=\"https:\/\/sperantatm.adventist.ro\/wp-content\/uploads\/2025\/11\/WhatsApp-Video-2025-11-02-at-13.34.44-1.mp4\"><\/video><\/figure>\n<\/div><\/div>\n\n\n<style>.kb-row-layout-id1358_3451b4-c4 > .kt-row-column-wrap{align-content:start;}:where(.kb-row-layout-id1358_3451b4-c4 > .kt-row-column-wrap) > .wp-block-kadence-column{justify-content:start;}.kb-row-layout-id1358_3451b4-c4 > .kt-row-column-wrap{column-gap:var(--global-kb-gap-md, 2rem);row-gap:var(--global-kb-gap-md, 2rem);max-width:var( --global-content-width, 1290px );padding-left:var(--global-content-edge-padding);padding-right:var(--global-content-edge-padding);padding-top:0px;padding-right:0px;padding-bottom:0px;padding-left:0px;grid-template-columns:minmax(0, 1fr);}.kb-row-layout-id1358_3451b4-c4{background-image:url('https:\/\/sperantatm.adventist.ro\/wp-content\/uploads\/2022\/12\/pencilsketchadjusted-1874885.png');background-size:cover;background-position:center center;background-attachment:scroll;background-repeat:no-repeat;}.kb-row-layout-id1358_3451b4-c4 > .kt-row-layout-overlay{opacity:0.70;background-color:var(--global-palette8, #F7FAFC);}@media all and (max-width: 1024px){.kb-row-layout-id1358_3451b4-c4 > .kt-row-column-wrap{padding-top:30px;padding-right:0px;padding-bottom:0px;padding-left:0px;grid-template-columns:minmax(0, 1fr);}}@media all and (max-width: 767px){.kb-row-layout-id1358_3451b4-c4 > .kt-row-column-wrap{padding-top:40px;padding-right:0px;padding-bottom:20px;padding-left:0px;grid-template-columns:minmax(0, 1fr);}}<\/style><div class=\"kb-row-layout-wrap kb-row-layout-id1358_3451b4-c4 alignnone kt-row-has-bg wp-block-kadence-rowlayout\"><div class=\"kt-row-layout-overlay kt-row-overlay-normal\"><\/div><div class=\"kt-row-column-wrap kt-has-1-columns kt-row-layout-equal kt-tab-layout-inherit kt-mobile-layout-row kt-row-valign-top kb-theme-content-width\">\n<style>.kadence-column1358_c6d1a8-14 > .kt-inside-inner-col{padding-top:10px;padding-right:10px;padding-bottom:10px;padding-left:10px;}.kadence-column1358_c6d1a8-14 > .kt-inside-inner-col,.kadence-column1358_c6d1a8-14 > .kt-inside-inner-col:before{border-top-left-radius:0px;border-top-right-radius:0px;border-bottom-right-radius:0px;border-bottom-left-radius:0px;}.kadence-column1358_c6d1a8-14 > .kt-inside-inner-col{column-gap:var(--global-kb-gap-sm, 1rem);}.kadence-column1358_c6d1a8-14 > .kt-inside-inner-col{flex-direction:column;}.kadence-column1358_c6d1a8-14 > .kt-inside-inner-col > .aligncenter{width:100%;}.kadence-column1358_c6d1a8-14 > .kt-inside-inner-col:before{opacity:0.3;}.kadence-column1358_c6d1a8-14{position:relative;}@media all and (max-width: 1024px){.kadence-column1358_c6d1a8-14 > .kt-inside-inner-col{flex-direction:column;justify-content:center;}}@media all and (max-width: 767px){.kadence-column1358_c6d1a8-14 > .kt-inside-inner-col{flex-direction:column;justify-content:center;}}<\/style>\n<div class=\"wp-block-kadence-column kadence-column1358_c6d1a8-14 inner-column-1\"><div class=\"kt-inside-inner-col\"><style>.kb-row-layout-wrap.wp-block-kadence-rowlayout.kb-row-layout-id1358_ed25b4-97{margin-top:0px;margin-bottom:20px;}.kb-row-layout-id1358_ed25b4-97 > .kt-row-column-wrap{align-content:start;}:where(.kb-row-layout-id1358_ed25b4-97 > .kt-row-column-wrap) > .wp-block-kadence-column{justify-content:start;}.kb-row-layout-id1358_ed25b4-97 > .kt-row-column-wrap{column-gap:var(--global-kb-gap-md, 2rem);row-gap:var(--global-kb-gap-md, 2rem);max-width:600px;margin-left:auto;margin-right:auto;padding-top:0px;padding-right:0px;padding-bottom:0px;padding-left:0px;grid-template-columns:minmax(0, 1fr);}.kb-row-layout-id1358_ed25b4-97 > .kt-row-layout-overlay{opacity:0.30;}@media all and (max-width: 1024px){.kb-row-layout-id1358_ed25b4-97 > .kt-row-column-wrap{grid-template-columns:minmax(0, 1fr);}}@media all and (max-width: 767px){.kb-row-layout-id1358_ed25b4-97 > .kt-row-column-wrap{grid-template-columns:minmax(0, 1fr);}}<\/style><div class=\"kb-row-layout-wrap kb-row-layout-id1358_ed25b4-97 alignnone wp-block-kadence-rowlayout\"><div class=\"kt-row-column-wrap kt-has-1-columns kt-row-layout-equal kt-tab-layout-inherit kt-mobile-layout-row kt-row-valign-top\">\n<style>.kadence-column1358_77c097-78 > .kt-inside-inner-col{padding-top:10px;padding-right:10px;padding-bottom:10px;padding-left:10px;}.kadence-column1358_77c097-78 > .kt-inside-inner-col,.kadence-column1358_77c097-78 > .kt-inside-inner-col:before{border-top-left-radius:0px;border-top-right-radius:0px;border-bottom-right-radius:0px;border-bottom-left-radius:0px;}.kadence-column1358_77c097-78 > .kt-inside-inner-col{column-gap:var(--global-kb-gap-sm, 1rem);}.kadence-column1358_77c097-78 > .kt-inside-inner-col{flex-direction:column;}.kadence-column1358_77c097-78 > .kt-inside-inner-col > .aligncenter{width:100%;}.kadence-column1358_77c097-78 > .kt-inside-inner-col:before{opacity:0.3;}.kadence-column1358_77c097-78{position:relative;}@media all and (max-width: 1024px){.kadence-column1358_77c097-78 > .kt-inside-inner-col{flex-direction:column;justify-content:center;}}@media all and (max-width: 767px){.kadence-column1358_77c097-78 > .kt-inside-inner-col{flex-direction:column;justify-content:center;}}<\/style>\n<div class=\"wp-block-kadence-column kadence-column1358_77c097-78 inner-column-1\"><div class=\"kt-inside-inner-col\"><style>.wp-block-kadence-advancedheading.kt-adv-heading1358_11e4b8-63, .wp-block-kadence-advancedheading.kt-adv-heading1358_11e4b8-63[data-kb-block=\"kb-adv-heading1358_11e4b8-63\"]{margin-top:0px;margin-right:0px;margin-bottom:20px;margin-left:0px;text-align:center;font-size:15px;line-height:1em;font-weight:600;font-style:normal;text-transform:uppercase;letter-spacing:1px;}.wp-block-kadence-advancedheading.kt-adv-heading1358_11e4b8-63 mark.kt-highlight, .wp-block-kadence-advancedheading.kt-adv-heading1358_11e4b8-63[data-kb-block=\"kb-adv-heading1358_11e4b8-63\"] mark.kt-highlight{font-style:normal;color:#f76a0c;-webkit-box-decoration-break:clone;box-decoration-break:clone;padding-top:0px;padding-right:0px;padding-bottom:0px;padding-left:0px;}.wp-block-kadence-advancedheading.kt-adv-heading1358_11e4b8-63 img.kb-inline-image, .wp-block-kadence-advancedheading.kt-adv-heading1358_11e4b8-63[data-kb-block=\"kb-adv-heading1358_11e4b8-63\"] img.kb-inline-image{width:150px;vertical-align:baseline;}<\/style>\n<p class=\"kt-adv-heading1358_11e4b8-63 wp-block-kadence-advancedheading has-theme-palette-6-color has-text-color\" data-kb-block=\"kb-adv-heading1358_11e4b8-63\"><\/p>\n\n\n<style>.wp-block-kadence-advancedheading.kt-adv-heading1358_8ddd75-37, .wp-block-kadence-advancedheading.kt-adv-heading1358_8ddd75-37[data-kb-block=\"kb-adv-heading1358_8ddd75-37\"]{margin-top:0px;margin-right:0px;margin-bottom:27px;margin-left:0px;text-align:center;line-height:1em;font-style:normal;}.wp-block-kadence-advancedheading.kt-adv-heading1358_8ddd75-37 mark.kt-highlight, .wp-block-kadence-advancedheading.kt-adv-heading1358_8ddd75-37[data-kb-block=\"kb-adv-heading1358_8ddd75-37\"] mark.kt-highlight{font-style:normal;color:#f76a0c;-webkit-box-decoration-break:clone;box-decoration-break:clone;padding-top:0px;padding-right:0px;padding-bottom:0px;padding-left:0px;}.wp-block-kadence-advancedheading.kt-adv-heading1358_8ddd75-37 img.kb-inline-image, .wp-block-kadence-advancedheading.kt-adv-heading1358_8ddd75-37[data-kb-block=\"kb-adv-heading1358_8ddd75-37\"] img.kb-inline-image{width:150px;vertical-align:baseline;}<\/style>\n<h2 class=\"kt-adv-heading1358_8ddd75-37 wp-block-kadence-advancedheading\" data-kb-block=\"kb-adv-heading1358_8ddd75-37\">Completeaza formularul<br>pentru a \u00eenscrie copilul t\u0103u la activit\u0103\u021bi biblice s\u0103pt\u0103m\u00e2nale.<br>MOMENTAN FORMULARUL NU FUNCTIONEAZA, LUCRAM LA REMEDIERE!<br>PENTRU INSCRIERI, SUNATI LA 0764915396<\/h2>\n\n\n<style>.wp-block-kadence-advancedheading.kt-adv-heading1358_5e7ed3-25, .wp-block-kadence-advancedheading.kt-adv-heading1358_5e7ed3-25[data-kb-block=\"kb-adv-heading1358_5e7ed3-25\"]{text-align:center;font-style:normal;}.wp-block-kadence-advancedheading.kt-adv-heading1358_5e7ed3-25 mark.kt-highlight, .wp-block-kadence-advancedheading.kt-adv-heading1358_5e7ed3-25[data-kb-block=\"kb-adv-heading1358_5e7ed3-25\"] mark.kt-highlight{font-style:normal;color:#f76a0c;-webkit-box-decoration-break:clone;box-decoration-break:clone;padding-top:0px;padding-right:0px;padding-bottom:0px;padding-left:0px;}.wp-block-kadence-advancedheading.kt-adv-heading1358_5e7ed3-25 img.kb-inline-image, .wp-block-kadence-advancedheading.kt-adv-heading1358_5e7ed3-25[data-kb-block=\"kb-adv-heading1358_5e7ed3-25\"] img.kb-inline-image{width:150px;vertical-align:baseline;}<\/style>\n<p class=\"kt-adv-heading1358_5e7ed3-25 wp-block-kadence-advancedheading\" data-kb-block=\"kb-adv-heading1358_5e7ed3-25\"><\/p>\n<\/div><\/div>\n\n<\/div><\/div>\n\n<style>.kb-row-layout-id1358_ec2984-01 > .kt-row-column-wrap{align-content:start;}:where(.kb-row-layout-id1358_ec2984-01 > .kt-row-column-wrap) > .wp-block-kadence-column{justify-content:start;}.kb-row-layout-id1358_ec2984-01 > .kt-row-column-wrap{column-gap:var(--global-kb-gap-none, 0rem );row-gap:var(--global-kb-gap-none, 0rem );padding-top:40px;padding-right:0px;padding-bottom:100px;padding-left:0px;grid-template-columns:minmax(0, 1fr);}.kb-row-layout-id1358_ec2984-01 > .kt-row-layout-overlay{opacity:0.30;}@media all and (max-width: 1024px){.kb-row-layout-id1358_ec2984-01 > .kt-row-column-wrap{padding-top:0px;padding-right:50px;padding-bottom:70px;padding-left:50px;grid-template-columns:minmax(0, 1fr);}}@media all and (max-width: 767px){.kb-row-layout-id1358_ec2984-01 > .kt-row-column-wrap{padding-top:0px;padding-right:20px;padding-bottom:60px;padding-left:20px;grid-template-columns:minmax(0, 1fr);}}<\/style><div class=\"kb-row-layout-wrap kb-row-layout-id1358_ec2984-01 alignnone wp-block-kadence-rowlayout\"><div class=\"kt-row-column-wrap kt-has-1-columns kt-row-layout-equal kt-tab-layout-inherit kt-mobile-layout-row kt-row-valign-top\">\n<style>.kadence-column1358_e67e54-42 > .kt-inside-inner-col{padding-top:0px;padding-right:30px;padding-bottom:0px;padding-left:50px;}.kadence-column1358_e67e54-42 > .kt-inside-inner-col,.kadence-column1358_e67e54-42 > .kt-inside-inner-col:before{border-top-left-radius:0px;border-top-right-radius:0px;border-bottom-right-radius:0px;border-bottom-left-radius:0px;}.kadence-column1358_e67e54-42 > .kt-inside-inner-col{column-gap:var(--global-kb-gap-sm, 1rem);}.kadence-column1358_e67e54-42 > .kt-inside-inner-col{flex-direction:column;}.kadence-column1358_e67e54-42 > .kt-inside-inner-col > .aligncenter{width:100%;}.kadence-column1358_e67e54-42 > .kt-inside-inner-col:before{opacity:0.3;}.kadence-column1358_e67e54-42{position:relative;}@media all and (max-width: 1024px){.kadence-column1358_e67e54-42 > .kt-inside-inner-col{padding-top:0px;padding-right:0px;padding-bottom:0px;padding-left:0px;flex-direction:column;justify-content:center;}}@media all and (max-width: 1024px){.kadence-column1358_e67e54-42, .kt-inside-inner-col > .kadence-column1358_e67e54-42:not(.specificity){margin-top:40px;margin-right:0px;margin-bottom:0px;margin-left:0px;}}@media all and (max-width: 767px){.kadence-column1358_e67e54-42 > .kt-inside-inner-col{flex-direction:column;justify-content:center;}}<\/style>\n<div class=\"wp-block-kadence-column kadence-column1358_e67e54-42 inner-column-2\"><div class=\"kt-inside-inner-col\"><style>.kb-row-layout-wrap.wp-block-kadence-rowlayout.kb-row-layout-id1358_e98b40-33{margin-top:0px;margin-bottom:0px;}.kb-row-layout-id1358_e98b40-33 > .kt-row-column-wrap{align-content:center;}:where(.kb-row-layout-id1358_e98b40-33 > .kt-row-column-wrap) > .wp-block-kadence-column{justify-content:center;}.kb-row-layout-id1358_e98b40-33 > .kt-row-column-wrap{column-gap:var(--global-kb-gap-md, 2rem);row-gap:var(--global-kb-gap-md, 2rem);max-width:1250px;margin-left:auto;margin-right:auto;padding-top:0px;padding-right:0px;padding-bottom:0px;padding-left:0px;grid-template-columns:minmax(0, 1fr);}.kb-row-layout-id1358_e98b40-33 > .kt-row-layout-overlay{opacity:0.30;}@media all and (max-width: 1024px){.kb-row-layout-id1358_e98b40-33 > .kt-row-column-wrap{grid-template-columns:minmax(0, 1fr);}}@media all and (max-width: 767px){.kb-row-layout-id1358_e98b40-33 > .kt-row-column-wrap{grid-template-columns:minmax(0, 1fr);}}<\/style><div class=\"kb-row-layout-wrap kb-row-layout-id1358_e98b40-33 alignnone wp-block-kadence-rowlayout\"><div class=\"kt-row-column-wrap kt-has-1-columns kt-row-layout-equal kt-tab-layout-inherit kt-mobile-layout-row kt-row-valign-middle\">\n<style>.kadence-column1358_b8d6d5-0d > .kt-inside-inner-col,.kadence-column1358_b8d6d5-0d > .kt-inside-inner-col:before{border-top-left-radius:0px;border-top-right-radius:0px;border-bottom-right-radius:0px;border-bottom-left-radius:0px;}.kadence-column1358_b8d6d5-0d > .kt-inside-inner-col{column-gap:var(--global-kb-gap-sm, 1rem);}.kadence-column1358_b8d6d5-0d > .kt-inside-inner-col{flex-direction:column;}.kadence-column1358_b8d6d5-0d > .kt-inside-inner-col > .aligncenter{width:100%;}.kadence-column1358_b8d6d5-0d > .kt-inside-inner-col:before{opacity:0.3;}.kadence-column1358_b8d6d5-0d{position:relative;}@media all and (max-width: 1024px){.kadence-column1358_b8d6d5-0d > .kt-inside-inner-col{flex-direction:column;justify-content:center;}}@media all and (max-width: 767px){.kadence-column1358_b8d6d5-0d > .kt-inside-inner-col{flex-direction:column;justify-content:center;}}<\/style>\n<div class=\"wp-block-kadence-column kadence-column1358_b8d6d5-0d inner-column-1\"><div class=\"kt-inside-inner-col\"><style>.kb-form input.kadence-blocks-field.verify{opacity:0.0;position:absolute;top:0.0;left:0.0;width:0.0;height:0.0;z-index:-1;}<\/style>\n<div class=\"wp-block-kadence-form kadence-form-1358_57efcb-83 kb-form-wrap\"><form class=\"kb-form\" action=\"\" method=\"post\"><div class=\"kadence-blocks-form-field kb-field-desk-width-100 kb-input-size-standard\"><label for=\"kb_field_1358_57efcb-83_0\">Numele dumneavoastra complet<span class=\"required\">*<\/span><\/label><input name=\"kb_field_0\" id=\"kb_field_1358_57efcb-83_0\" data-label=\"Numele dumneavoastra complet\" type=\"text\" placeholder=\"Numele dumneavoastra complet\" value=\"\" data-type=\"text\" class=\"kb-field kb-text-style-field kb-text-field kb-field-0\" data-required=\"yes\" data-required-message=\"Acest c\u00e2mp este obligatoriu\"\/><\/div><div class=\"kadence-blocks-form-field kb-form-field-1 kb-field-desk-width-100 kb-input-size-standard\"><label for=\"kb_field_1358_57efcb-83_1\">Num\u0103r de telefon<span class=\"required\">*<\/span><\/label><input name=\"kb_field_1\" id=\"kb_field_1358_57efcb-83_1\" data-label=\"Num\u0103r de telefon\" type=\"tel\" placeholder=\"Num\u0103r de telefon\" value=\"\" data-type=\"tel\" class=\"kb-field kb-text-style-field kb-tel-field kb-field-1\" data-required=\"yes\" data-required-message=\"Acest c\u00e2mp este obligatoriu\"\/><\/div><div class=\"kadence-blocks-form-field kb-form-field-2 kb-field-desk-width-100 kb-input-size-standard\"><label for=\"kb_field_1358_57efcb-83_2\">Ai mai participat \u00een trecut la astfel de activit\u0103\u021bi?<span class=\"required\">*<\/span><\/label><div data-type=\"radio\" data-label=\"Ai mai participat \u00een trecut la astfel de activit\u0103\u021bi?\" id=\"kb_field_1358_57efcb-83_2\" class=\"kb-field kb-radio-style-field kb-radio-field kb-field-2 kb-radio-style-normal\" data-required=\"yes\" data-required-message=\"Acest c\u00e2mp este obligatoriu\"><div data-type=\"radio\" class=\"kb-radio-item kb-radio-item-0\"><input type=\"radio\" name=\"kb_field_2[]\" id=\"kb_field_2_0\" class=\"kb-sub-field kb-radio-style\" value=\"Da\"\/><label for=\"kb_field_2_0\">Da<\/label><\/div><div data-type=\"radio\" class=\"kb-radio-item kb-radio-item-1\"><input type=\"radio\" name=\"kb_field_2[]\" id=\"kb_field_2_1\" class=\"kb-sub-field kb-radio-style\" value=\"Nu\"\/><label for=\"kb_field_2_1\">Nu<\/label><\/div><\/div><\/div><div class=\"kadence-blocks-form-field kb-form-field-3 kb-field-desk-width-100 kb-input-size-standard\"><label for=\"kb_field_1358_57efcb-83_3\">Sunt con\u0219tient \u0219i sunt de acord c\u0103 trimit aceste date personale \u0219i c\u0103 vor fi folosite \u00een scopul \u00eenscrierii copilului la activit\u0103\u021bi \u0219i\/sau pentru informarea cu privire la viitoare campanii gratuite. <span class=\"required\">*<\/span><\/label><div data-type=\"radio\" data-label=\"Sunt con\u0219tient \u0219i sunt de acord c\u0103 trimit aceste date personale \u0219i c\u0103 vor fi folosite \u00een scopul \u00eenscrierii copilului la activit\u0103\u021bi \u0219i\/sau pentru informarea cu privire la viitoare campanii gratuite. \" id=\"kb_field_1358_57efcb-83_3\" class=\"kb-field kb-radio-style-field kb-radio-field kb-field-3 kb-radio-style-normal\" data-required=\"yes\" data-required-message=\"Acest c\u00e2mp este obligatoriu\"><div data-type=\"radio\" class=\"kb-radio-item kb-radio-item-0\"><input type=\"radio\" name=\"kb_field_3[]\" id=\"kb_field_3_0\" class=\"kb-sub-field kb-radio-style\" value=\"Da, sunt de acord\"\/><label for=\"kb_field_3_0\">Da, sunt de acord<\/label><\/div><\/div><\/div><input type=\"hidden\" name=\"_kb_form_id\" value=\"1358_57efcb-83\"\/><input type=\"hidden\" name=\"_kb_form_post_id\" value=\"1358\"\/><input type=\"hidden\" name=\"action\" value=\"kb_process_ajax_submit\"\/><label class=\"kadence-verify-label\">Email<input class=\"kadence-blocks-field verify\" type=\"text\" name=\"_kb_verify_email\" autocomplete=\"new-password\" aria-hidden=\"true\" placeholder=\"Email\" tabindex=\"-1\" data-1p-ignore=\"true\" data-lpignore=\"true\" \/><\/label><div class=\"kadence-blocks-form-field kb-submit-field kb-field-desk-width-100\"><button class=\"kb-forms-submit button kb-button-size-standard kb-button-width-auto\">Trimite comanda<\/button><\/div><\/form><\/div>\n<noscript><div class=\"kadence-blocks-form-message kadence-blocks-form-warning\">Please enable JavaScript in your browser to submit the form<\/div><style>.kadence-form-1358_57efcb-83 .kadence-blocks-form-field.kb-submit-field { display: none; }<\/style><\/noscript><\/div><\/div>\n\n<\/div><\/div><\/div><\/div>\n\n<\/div><\/div><\/div><\/div>\n\n<\/div><\/div>","protected":false},"excerpt":{"rendered":"<p>La biserica noastr\u0103, organiz\u0103m activit\u0103\u021bi pentru copii cu tematic\u0103 biblic\u0103, unde cei mici vor auzi povestiri cum sunt urm\u0103toarele: &#8211; despre Noe cum a stat cu familia lui \u00een corabie un an p\u00e2n\u0103 c\u00e2nd apele potopului s-au retras &#8211; despre Moise cum a trecut Marea Ro\u0219ie \u00eempreun\u0103 cu tot poporul Israel &#8211; despre apostolul Pavel&#8230;<\/p>\n","protected":false},"author":1,"featured_media":0,"parent":0,"menu_order":0,"comment_status":"closed","ping_status":"closed","template":"","meta":{"_kadence_starter_templates_imported_post":false,"_kad_post_transparent":"","_kad_post_title":"","_kad_post_layout":"","_kad_post_sidebar_id":"","_kad_post_content_style":"","_kad_post_vertical_padding":"","_kad_post_feature":"","_kad_post_feature_position":"","_kad_post_header":false,"_kad_post_footer":false,"_kad_post_classname":"","footnotes":""},"class_list":["post-1358","page","type-page","status-publish","hentry"],"_links":{"self":[{"href":"https:\/\/sperantatm.adventist.ro\/index.php\/wp-json\/wp\/v2\/pages\/1358","targetHints":{"allow":["GET"]}}],"collection":[{"href":"https:\/\/sperantatm.adventist.ro\/index.php\/wp-json\/wp\/v2\/pages"}],"about":[{"href":"https:\/\/sperantatm.adventist.ro\/index.php\/wp-json\/wp\/v2\/types\/page"}],"author":[{"embeddable":true,"href":"https:\/\/sperantatm.adventist.ro\/index.php\/wp-json\/wp\/v2\/users\/1"}],"replies":[{"embeddable":true,"href":"https:\/\/sperantatm.adventist.ro\/index.php\/wp-json\/wp\/v2\/comments?post=1358"}],"version-history":[{"count":6,"href":"https:\/\/sperantatm.adventist.ro\/index.php\/wp-json\/wp\/v2\/pages\/1358\/revisions"}],"predecessor-version":[{"id":1410,"href":"https:\/\/sperantatm.adventist.ro\/index.php\/wp-json\/wp\/v2\/pages\/1358\/revisions\/1410"}],"wp:attachment":[{"href":"https:\/\/sperantatm.adventist.ro\/index.php\/wp-json\/wp\/v2\/media?parent=1358"}],"curies":[{"name":"wp","href":"https:\/\/api.w.org\/{rel}","templated":true}]}}